{"id":33,"date":"2022-12-19T02:31:25","date_gmt":"2022-12-19T02:31:25","guid":{"rendered":"https:\/\/gaviaspreview.com\/wp\/boliin\/?page_id=33"},"modified":"2026-03-01T22:54:53","modified_gmt":"2026-03-01T22:54:53","slug":"odalarimiz","status":"publish","type":"page","link":"https:\/\/helenapolisotel.com\/tr\/odalarimiz\/","title":{"rendered":"Odalar\u0131m\u0131z"},"content":{"rendered":"\t\t<div data-elementor-type=\"wp-page\" data-elementor-id=\"33\" class=\"elementor elementor-33\">\n\t\t\t\t\t\t<section class=\"elementor-section elementor-top-section elementor-element elementor-element-2fee724 elementor-section-full_width elementor-section-height-default elementor-section-height-default\" data-id=\"2fee724\" data-element_type=\"section\" data-e-type=\"section\" data-settings=\"{&quot;background_background&quot;:&quot;slideshow&quot;,&quot;background_slideshow_gallery&quot;:[{&quot;id&quot;:3959,&quot;url&quot;:&quot;https:\\\/\\\/helenapolisotel.com\\\/tr\\\/wp-content\\\/uploads\\\/2026\\\/03\\\/KRAL-DAIRESI-2.png&quot;},{&quot;id&quot;:3960,&quot;url&quot;:&quot;https:\\\/\\\/helenapolisotel.com\\\/tr\\\/wp-content\\\/uploads\\\/2026\\\/03\\\/KRAL-DAIRESI.png&quot;},{&quot;id&quot;:3961,&quot;url&quot;:&quot;https:\\\/\\\/helenapolisotel.com\\\/tr\\\/wp-content\\\/uploads\\\/2026\\\/03\\\/UC-KISILIK-ODA.png&quot;},{&quot;id&quot;:3962,&quot;url&quot;:&quot;https:\\\/\\\/helenapolisotel.com\\\/tr\\\/wp-content\\\/uploads\\\/2026\\\/03\\\/2-kisilik-oda-ON.png&quot;},{&quot;id&quot;:3963,&quot;url&quot;:&quot;https:\\\/\\\/helenapolisotel.com\\\/tr\\\/wp-content\\\/uploads\\\/2026\\\/03\\\/2-kisilik-oda-ARKA.png&quot;}],&quot;background_slideshow_ken_burns&quot;:&quot;yes&quot;,&quot;background_slideshow_loop&quot;:&quot;yes&quot;,&quot;background_slideshow_slide_duration&quot;:5000,&quot;background_slideshow_slide_transition&quot;:&quot;fade&quot;,&quot;background_slideshow_transition_duration&quot;:500,&quot;background_slideshow_ken_burns_zoom_direction&quot;:&quot;in&quot;}\">\n\t\t\t\t\t\t<div class=\"elementor-container elementor-column-gap-default\">\n\t\t\t\t\t<div class=\"elementor-column elementor-col-100 elementor-top-column elementor-element elementor-element-c7f3372\" data-id=\"c7f3372\" data-element_type=\"column\" data-e-type=\"column\">\n\t\t\t<div class=\"elementor-widget-wrap\">\n\t\t\t\t\t\t\t<\/div>\n\t\t<\/div>\n\t\t\t\t\t<\/div>\n\t\t<\/section>\n\t\t\t\t<section class=\"elementor-section elementor-top-section elementor-element elementor-element-f23599e elementor-section-boxed elementor-section-height-default elementor-section-height-default\" data-id=\"f23599e\" data-element_type=\"section\" data-e-type=\"section\" data-settings=\"{&quot;background_background&quot;:&quot;classic&quot;}\">\n\t\t\t\t\t\t<div class=\"elementor-container elementor-column-gap-default\">\n\t\t\t\t\t<div class=\"elementor-column elementor-col-100 elementor-top-column elementor-element elementor-element-88adec7\" data-id=\"88adec7\" data-element_type=\"column\" data-e-type=\"column\">\n\t\t\t<div class=\"elementor-widget-wrap elementor-element-populated\">\n\t\t\t\t\t\t<div class=\"elementor-element elementor-element-5efc3fc elementor-widget elementor-widget-gva_icon_box_group\" data-id=\"5efc3fc\" data-element_type=\"widget\" data-e-type=\"widget\" data-widget_type=\"gva_icon_box_group.default\">\n\t\t\t\t<div class=\"elementor-widget-container\">\n\t\t\t\t\t<div class=\"gva-element-gva_icon_box_group gva-element\">\r\n<div class=\"gsc-icon-box-group layout-carousel swiper-slider-wrapper \">\r\n   <div class=\"swiper-content-inner\">\r\n      <div class=\"init-carousel-swiper swiper\" data-carousel=\"{&quot;items&quot;:4,&quot;items_lg&quot;:4,&quot;items_md&quot;:4,&quot;items_sm&quot;:3,&quot;items_xs&quot;:2,&quot;items_xx&quot;:1,&quot;effect&quot;:&quot;slide&quot;,&quot;space_between&quot;:30,&quot;loop&quot;:1,&quot;speed&quot;:1200,&quot;autoplay&quot;:1,&quot;autoplay_delay&quot;:5000,&quot;autoplay_hover&quot;:1,&quot;navigation&quot;:1,&quot;pagination&quot;:0,&quot;dynamic_bullets&quot;:0,&quot;pagination_type&quot;:&quot;bullets&quot;}\">\r\n         <div class=\"swiper-wrapper\">\r\n            <div class=\"swiper-slide\">\r\n<div class=\"icon-box-item elementor-repeater-item-a930258\">\r\n\t\t<div class=\"iconbox-one__single\"><div class=\"iconbox-one__wrap\"><div class=\"iconbox-one__icon\"><i aria-hidden=\"true\" class=\" bicon-parking-1\"><\/i><\/div><h3 class=\"iconbox-one__title\">Otopark<\/h3><div class=\"iconbox-one__desc\">Konaklaman\u0131z s\u00fcresince arac\u0131n\u0131z g\u00fcvende. Misafirlerimize \u00f6zel \u00fccretsiz ve geni\u015f otopark alan\u0131m\u0131zdan 7\/24 yararlanabilirsiniz.<\/div><\/div>\t\t\t\t\t\t\t\t\t\t\r\n\r\n\t\t\t\t\t<\/div>\r\n\t\t<\/div><\/div><div class=\"swiper-slide\">\r\n<div class=\"icon-box-item elementor-repeater-item-9faf158\">\r\n\t\t<div class=\"iconbox-one__single\"><div class=\"iconbox-one__wrap\"><div class=\"iconbox-one__icon\"><i aria-hidden=\"true\" class=\" bicon-wifi-router\"><\/i><\/div><h3 class=\"iconbox-one__title\">Wifi \u0130nternet<\/h3><div class=\"iconbox-one__desc\">Y\u00fcksek h\u0131zl\u0131 internet ile d\u00fcnyayla ba\u011f\u0131n\u0131z hi\u00e7 kopmas\u0131n. Odalar\u0131m\u0131zda ve t\u00fcm ortak alanlarda kesintisiz eri\u015fimin keyfini s\u00fcr\u00fcn.<\/div><\/div>\t\t\t\t\t\t\t\t\t\t\r\n\r\n\t\t\t\t\t<\/div>\r\n\t\t<\/div><\/div><div class=\"swiper-slide\">\r\n<div class=\"icon-box-item elementor-repeater-item-9893eb1\">\r\n\t\t<div class=\"iconbox-one__single\"><div class=\"iconbox-one__wrap\"><div class=\"iconbox-one__icon\"><i aria-hidden=\"true\" class=\" bicon-breakfast\"><\/i><\/div><h3 class=\"iconbox-one__title\">Yiyecek \u0130\u00e7ecek<\/h3><div class=\"iconbox-one__desc\">G\u00fcne zengin bir kahvalt\u0131yla ba\u015flay\u0131n.  G\u00fcn\u00fcn yorgunlu\u011funu usta \u015feflerimizin mutfa\u011f\u0131ndan \u00e7\u0131kan se\u00e7kin lezzetlerle at\u0131n.<\/div><\/div>\t\t\t\t\t\t\t\t\t\t\r\n\r\n\t\t\t\t\t<\/div>\r\n\t\t<\/div><\/div>         <\/div>\r\n      <\/div>\r\n   <\/div>   \r\n   <div class=\"swiper-pagination\"><\/div>   <div class=\"swiper-nav-next\"><\/div><div class=\"swiper-nav-prev\"><\/div><\/div>\r\n<\/div>\t\t\t\t<\/div>\n\t\t\t\t<\/div>\n\t\t\t\t\t<\/div>\n\t\t<\/div>\n\t\t\t\t\t<\/div>\n\t\t<\/section>\n\t\t\t\t<section class=\"elementor-section elementor-top-section elementor-element elementor-element-9a4c084 elementor-section-boxed elementor-section-height-default elementor-section-height-default\" data-id=\"9a4c084\" data-element_type=\"section\" data-e-type=\"section\">\n\t\t\t\t\t\t<div class=\"elementor-container elementor-column-gap-default\">\n\t\t\t\t\t<div class=\"elementor-column elementor-col-100 elementor-top-column elementor-element elementor-element-78858a8\" data-id=\"78858a8\" data-element_type=\"column\" data-e-type=\"column\">\n\t\t\t<div class=\"elementor-widget-wrap elementor-element-populated\">\n\t\t\t\t\t\t<div class=\"elementor-element elementor-element-0aeae5d elementor-widget elementor-widget-gva-heading-block\" data-id=\"0aeae5d\" data-element_type=\"widget\" data-e-type=\"widget\" data-widget_type=\"gva-heading-block.default\">\n\t\t\t\t<div class=\"elementor-widget-container\">\n\t\t\t\t\t<div class=\"gva-element-gva-heading-block gva-element\">   <div class=\"align-center style-1 widget gsc-heading box-align-center auto-responsive\">\r\n      <div class=\"content-inner\">\r\n         \r\n                  \r\n         <div class=\"sub-title\"><span class=\"tagline\">KONFOR VE SADEL\u0130K<\/span><\/div>  \r\n         \r\n                     <h2 class=\"title\">\r\n               <span>Sadelikteki L\u00fcks, Detaylardaki Konfor<\/span>\r\n            <\/h2>\r\n                  \r\n         \r\n         \r\n      <\/div>\r\n   <\/div>\r\n<\/div>\t\t\t\t<\/div>\n\t\t\t\t<\/div>\n\t\t\t\t<div class=\"elementor-element elementor-element-26e800a elementor-widget elementor-widget-gva-portfolio\" data-id=\"26e800a\" data-element_type=\"widget\" data-e-type=\"widget\" data-widget_type=\"gva-portfolio.default\">\n\t\t\t\t<div class=\"elementor-widget-container\">\n\t\t\t\t\t<div class=\"gva-element-gva-portfolio gva-element\">\r\n  <div class=\"gva-portfolio-grid clearfix grid-7vow\" data-filter=\"7vow\">\r\n        <div class=\"gva-content-items\"> \r\n      <div class=\"isotope-items view-portfolio lg-block-grid-4 md-block-grid-4 sm-block-grid-2 xs-block-grid-2 xx-block-grid-1\">\r\n        \r\n<div class=\"all uc-kisilik-oda  item-columns isotope-item\">\r\n   <div class=\"portfolio-block portfolio-two__single\">      \r\n      <div class=\"portfolio-two__images\">\r\n         <a class=\"portfolio-two__link-image\" href=\"https:\/\/helenapolisotel.com\/tr\/case\/uc-kisilik-oda-2\/\">\r\n            <img fetchpriority=\"high\" decoding=\"async\" width=\"500\" height=\"360\" src=\"https:\/\/helenapolisotel.com\/tr\/wp-content\/uploads\/2026\/02\/UC-KISILIK-ODA-500x360.png\" class=\"attachment-post-thumbnail size-post-thumbnail wp-post-image\" alt=\"\" \/>         <\/a> \r\n         <a class=\"portfolio-two__bg-overlay\" href=\"https:\/\/helenapolisotel.com\/tr\/case\/uc-kisilik-oda-2\/\"><\/a>\r\n      <\/div>\r\n      <div class=\"portfolio-two__content\">\r\n         <div class=\"portfolio-two__content-inner\">\r\n            <div class=\"portfolio-two__content-left\">\r\n               <div class=\"portfolio-two__meta\"><a href=\"https:\/\/helenapolisotel.com\/tr\/category-portfolio\/uc-kisilik-oda\/\" title=\"View all posts in \u00dc\u00e7 Ki\u015filik Oda\">\u00dc\u00e7 Ki\u015filik Oda<\/a><\/div>\r\n               <h3 class=\"portfolio-two__title\">\r\n                  <a href=\"https:\/\/helenapolisotel.com\/tr\/case\/uc-kisilik-oda-2\/\">\u00dc\u00e7 Ki\u015filik Oda<\/a>\r\n               <\/h3>\r\n            <\/div>\r\n            <div class=\"portfolio-two__content-right\">   \r\n               <a class=\"portfolio-two__link-content\" href=\"https:\/\/helenapolisotel.com\/tr\/case\/uc-kisilik-oda-2\/\"><i class=\"fa-solid fa-arrow-right\"><\/i><\/a>\r\n            <\/div>   \r\n         <\/div>    \r\n      <\/div>  \r\n   <\/div>\r\n   \r\n<\/div>\r\n\r\n<div class=\"all king-deluxe  item-columns isotope-item\">\r\n   <div class=\"portfolio-block portfolio-two__single\">      \r\n      <div class=\"portfolio-two__images\">\r\n         <a class=\"portfolio-two__link-image\" href=\"https:\/\/helenapolisotel.com\/tr\/case\/king-deluxe\/\">\r\n            <img decoding=\"async\" width=\"500\" height=\"360\" src=\"https:\/\/helenapolisotel.com\/tr\/wp-content\/uploads\/2026\/02\/4-1-500x360.png\" class=\"attachment-post-thumbnail size-post-thumbnail wp-post-image\" alt=\"\" \/>         <\/a> \r\n         <a class=\"portfolio-two__bg-overlay\" href=\"https:\/\/helenapolisotel.com\/tr\/case\/king-deluxe\/\"><\/a>\r\n      <\/div>\r\n      <div class=\"portfolio-two__content\">\r\n         <div class=\"portfolio-two__content-inner\">\r\n            <div class=\"portfolio-two__content-left\">\r\n               <div class=\"portfolio-two__meta\"><a href=\"https:\/\/helenapolisotel.com\/tr\/category-portfolio\/king-deluxe\/\" title=\"View all posts in King Deluxe\">King Deluxe<\/a><\/div>\r\n               <h3 class=\"portfolio-two__title\">\r\n                  <a href=\"https:\/\/helenapolisotel.com\/tr\/case\/king-deluxe\/\">King Deluxe<\/a>\r\n               <\/h3>\r\n            <\/div>\r\n            <div class=\"portfolio-two__content-right\">   \r\n               <a class=\"portfolio-two__link-content\" href=\"https:\/\/helenapolisotel.com\/tr\/case\/king-deluxe\/\"><i class=\"fa-solid fa-arrow-right\"><\/i><\/a>\r\n            <\/div>   \r\n         <\/div>    \r\n      <\/div>  \r\n   <\/div>\r\n   \r\n<\/div>\r\n\r\n<div class=\"all iki-kisilik-oda  item-columns isotope-item\">\r\n   <div class=\"portfolio-block portfolio-two__single\">      \r\n      <div class=\"portfolio-two__images\">\r\n         <a class=\"portfolio-two__link-image\" href=\"https:\/\/helenapolisotel.com\/tr\/case\/iki-kisilik-oda\/\">\r\n            <img decoding=\"async\" width=\"500\" height=\"360\" src=\"https:\/\/helenapolisotel.com\/tr\/wp-content\/uploads\/2026\/02\/KRAL-DAIRESI-500x360.png\" class=\"attachment-post-thumbnail size-post-thumbnail wp-post-image\" alt=\"\" \/>         <\/a> \r\n         <a class=\"portfolio-two__bg-overlay\" href=\"https:\/\/helenapolisotel.com\/tr\/case\/iki-kisilik-oda\/\"><\/a>\r\n      <\/div>\r\n      <div class=\"portfolio-two__content\">\r\n         <div class=\"portfolio-two__content-inner\">\r\n            <div class=\"portfolio-two__content-left\">\r\n               <div class=\"portfolio-two__meta\"><a href=\"https:\/\/helenapolisotel.com\/tr\/category-portfolio\/iki-kisilik-oda\/\" title=\"View all posts in \u0130ki Ki\u015filik Oda\">\u0130ki Ki\u015filik Oda<\/a><\/div>\r\n               <h3 class=\"portfolio-two__title\">\r\n                  <a href=\"https:\/\/helenapolisotel.com\/tr\/case\/iki-kisilik-oda\/\">\u0130ki Ki\u015filik Oda<\/a>\r\n               <\/h3>\r\n            <\/div>\r\n            <div class=\"portfolio-two__content-right\">   \r\n               <a class=\"portfolio-two__link-content\" href=\"https:\/\/helenapolisotel.com\/tr\/case\/iki-kisilik-oda\/\"><i class=\"fa-solid fa-arrow-right\"><\/i><\/a>\r\n            <\/div>   \r\n         <\/div>    \r\n      <\/div>  \r\n   <\/div>\r\n   \r\n<\/div>\r\n\r\n<div class=\"all family-deluxe  item-columns isotope-item\">\r\n   <div class=\"portfolio-block portfolio-two__single\">      \r\n      <div class=\"portfolio-two__images\">\r\n         <a class=\"portfolio-two__link-image\" href=\"https:\/\/helenapolisotel.com\/tr\/case\/family-deluxe\/\">\r\n            <img loading=\"lazy\" decoding=\"async\" width=\"500\" height=\"360\" src=\"https:\/\/helenapolisotel.com\/tr\/wp-content\/uploads\/2022\/12\/dqasdasda-500x360.png\" class=\"attachment-post-thumbnail size-post-thumbnail wp-post-image\" alt=\"\" \/>         <\/a> \r\n         <a class=\"portfolio-two__bg-overlay\" href=\"https:\/\/helenapolisotel.com\/tr\/case\/family-deluxe\/\"><\/a>\r\n      <\/div>\r\n      <div class=\"portfolio-two__content\">\r\n         <div class=\"portfolio-two__content-inner\">\r\n            <div class=\"portfolio-two__content-left\">\r\n               <div class=\"portfolio-two__meta\"><a href=\"https:\/\/helenapolisotel.com\/tr\/category-portfolio\/family-deluxe\/\" title=\"View all posts in Family Deluxe\">Family Deluxe<\/a><\/div>\r\n               <h3 class=\"portfolio-two__title\">\r\n                  <a href=\"https:\/\/helenapolisotel.com\/tr\/case\/family-deluxe\/\">Family Deluxe<\/a>\r\n               <\/h3>\r\n            <\/div>\r\n            <div class=\"portfolio-two__content-right\">   \r\n               <a class=\"portfolio-two__link-content\" href=\"https:\/\/helenapolisotel.com\/tr\/case\/family-deluxe\/\"><i class=\"fa-solid fa-arrow-right\"><\/i><\/a>\r\n            <\/div>   \r\n         <\/div>    \r\n      <\/div>  \r\n   <\/div>\r\n   \r\n<\/div>\r\n      <\/div>\r\n    <\/div>\r\n            <div class=\"pagination\">\r\n                    <\/div>\r\n      <\/div>\r\n  <\/div>\t\t\t\t<\/div>\n\t\t\t\t<\/div>\n\t\t\t\t\t<\/div>\n\t\t<\/div>\n\t\t\t\t\t<\/div>\n\t\t<\/section>\n\t\t\t\t<section class=\"elementor-section elementor-top-section elementor-element elementor-element-46f00ac elementor-section-boxed elementor-section-height-default elementor-section-height-default\" data-id=\"46f00ac\" data-element_type=\"section\" data-e-type=\"section\" data-settings=\"{&quot;background_background&quot;:&quot;classic&quot;}\">\n\t\t\t\t\t\t<div class=\"elementor-container elementor-column-gap-default\">\n\t\t\t\t\t<div class=\"elementor-column elementor-col-100 elementor-top-column elementor-element elementor-element-18d57d4\" data-id=\"18d57d4\" data-element_type=\"column\" data-e-type=\"column\" data-settings=\"{&quot;background_background&quot;:&quot;classic&quot;}\">\n\t\t\t<div class=\"elementor-widget-wrap elementor-element-populated\">\n\t\t\t\t\t\t<section class=\"elementor-section elementor-inner-section elementor-element elementor-element-6472ee7 elementor-section-boxed elementor-section-height-default elementor-section-height-default\" data-id=\"6472ee7\" data-element_type=\"section\" data-e-type=\"section\">\n\t\t\t\t\t\t<div class=\"elementor-container elementor-column-gap-default\">\n\t\t\t\t\t<div class=\"elementor-column elementor-col-50 elementor-inner-column elementor-element elementor-element-67b56e3\" data-id=\"67b56e3\" data-element_type=\"column\" data-e-type=\"column\">\n\t\t\t<div class=\"elementor-widget-wrap elementor-element-populated\">\n\t\t\t\t\t\t<div class=\"elementor-element elementor-element-fd5837f icon-box-left elementor-widget elementor-widget-icon-box\" data-id=\"fd5837f\" data-element_type=\"widget\" data-e-type=\"widget\" data-widget_type=\"icon-box.default\">\n\t\t\t\t\t\t\t<div class=\"elementor-icon-box-wrapper\">\n\n\t\t\t\n\t\t\t\t\t\t<div class=\"elementor-icon-box-content\">\n\n\t\t\t\t\t\t\t\t\t<h3 class=\"elementor-icon-box-title\">\n\t\t\t\t\t\t<span  >\n\t\t\t\t\t\t\tREZERVASYON \u0130\u00c7\u0130N\t\t\t\t\t\t<\/span>\n\t\t\t\t\t<\/h3>\n\t\t\t\t\n\t\t\t\t\t\t\t\t\t<p class=\"elementor-icon-box-description\">\n\t\t\t\t\t\tBizimle \u0130leti\u015fime Ge\u00e7in!\t\t\t\t\t<\/p>\n\t\t\t\t\n\t\t\t<\/div>\n\t\t\t\n\t\t<\/div>\n\t\t\t\t\t\t<\/div>\n\t\t\t\t\t<\/div>\n\t\t<\/div>\n\t\t\t\t<div class=\"elementor-column elementor-col-50 elementor-inner-column elementor-element elementor-element-7d45c7c\" data-id=\"7d45c7c\" data-element_type=\"column\" data-e-type=\"column\">\n\t\t\t<div class=\"elementor-widget-wrap elementor-element-populated\">\n\t\t\t\t\t\t<div class=\"elementor-element elementor-element-15e9a52 elementor-widget__width-auto elementor-widget elementor-widget-html\" data-id=\"15e9a52\" data-element_type=\"widget\" data-e-type=\"widget\" data-widget_type=\"html.default\">\n\t\t\t\t\t<a class=\"btn-white\" href=\"https:\/\/helenapolisotel.com\/tr\/iletisim\/\">\n    \u0130leti\u015fim\n<\/a>\t\t\t\t<\/div>\n\t\t\t\t\t<\/div>\n\t\t<\/div>\n\t\t\t\t\t<\/div>\n\t\t<\/section>\n\t\t\t\t\t<\/div>\n\t\t<\/div>\n\t\t\t\t\t<\/div>\n\t\t<\/section>\n\t\t\t\t<section class=\"elementor-section elementor-top-section elementor-element elementor-element-0c6b60c elementor-section-boxed elementor-section-height-default elementor-section-height-default\" data-id=\"0c6b60c\" data-element_type=\"section\" data-e-type=\"section\">\n\t\t\t\t\t\t<div class=\"elementor-container elementor-column-gap-default\">\n\t\t\t\t\t<div class=\"elementor-column elementor-col-100 elementor-top-column elementor-element elementor-element-3546ad0\" data-id=\"3546ad0\" data-element_type=\"column\" data-e-type=\"column\">\n\t\t\t<div class=\"elementor-widget-wrap elementor-element-populated\">\n\t\t\t\t\t\t<div class=\"elementor-element elementor-element-f19df34 elementor-widget elementor-widget-spacer\" data-id=\"f19df34\" data-element_type=\"widget\" data-e-type=\"widget\" data-widget_type=\"spacer.default\">\n\t\t\t\t\t\t\t<div class=\"elementor-spacer\">\n\t\t\t<div class=\"elementor-spacer-inner\"><\/div>\n\t\t<\/div>\n\t\t\t\t\t\t<\/div>\n\t\t\t\t\t<\/div>\n\t\t<\/div>\n\t\t\t\t\t<\/div>\n\t\t<\/section>\n\t\t\t\t<\/div>\n\t\t","protected":false},"excerpt":{"rendered":"<p>Otopark Konaklaman\u0131z s\u00fcresince arac\u0131n\u0131z g\u00fcvende. Misafirlerimize \u00f6zel \u00fccretsiz ve geni\u015f otopark alan\u0131m\u0131zdan 7\/24 yararlanabilirsiniz. Wifi \u0130nternet Y\u00fcksek h\u0131zl\u0131 internet ile d\u00fcnyayla ba\u011f\u0131n\u0131z hi\u00e7 kopmas\u0131n. Odalar\u0131m\u0131zda ve t\u00fcm ortak alanlarda kesintisiz [&hellip;]<\/p>\n","protected":false},"author":1,"featured_media":0,"parent":0,"menu_order":0,"comment_status":"closed","ping_status":"closed","template":"","meta":{"footnotes":""},"class_list":["post-33","page","type-page","status-publish","hentry"],"_links":{"self":[{"href":"https:\/\/helenapolisotel.com\/tr\/wp-json\/wp\/v2\/pages\/33","targetHints":{"allow":["GET"]}}],"collection":[{"href":"https:\/\/helenapolisotel.com\/tr\/wp-json\/wp\/v2\/pages"}],"about":[{"href":"https:\/\/helenapolisotel.com\/tr\/wp-json\/wp\/v2\/types\/page"}],"author":[{"embeddable":true,"href":"https:\/\/helenapolisotel.com\/tr\/wp-json\/wp\/v2\/users\/1"}],"replies":[{"embeddable":true,"href":"https:\/\/helenapolisotel.com\/tr\/wp-json\/wp\/v2\/comments?post=33"}],"version-history":[{"count":59,"href":"https:\/\/helenapolisotel.com\/tr\/wp-json\/wp\/v2\/pages\/33\/revisions"}],"predecessor-version":[{"id":3987,"href":"https:\/\/helenapolisotel.com\/tr\/wp-json\/wp\/v2\/pages\/33\/revisions\/3987"}],"wp:attachment":[{"href":"https:\/\/helenapolisotel.com\/tr\/wp-json\/wp\/v2\/media?parent=33"}],"curies":[{"name":"wp","href":"https:\/\/api.w.org\/{rel}","templated":true}]}}