{"id":4153,"date":"2026-04-06T11:26:14","date_gmt":"2026-04-06T11:26:14","guid":{"rendered":"https:\/\/helenapolisotel.com\/tr\/?page_id=4153"},"modified":"2026-04-06T11:42:22","modified_gmt":"2026-04-06T11:42:22","slug":"hakkimizda","status":"publish","type":"page","link":"https:\/\/helenapolisotel.com\/tr\/hakkimizda\/","title":{"rendered":"Hakk\u0131m\u0131zda"},"content":{"rendered":"\t\t<div data-elementor-type=\"wp-page\" data-elementor-id=\"4153\" class=\"elementor elementor-4153\">\n\t\t\t\t\t\t<section class=\"elementor-section elementor-top-section elementor-element elementor-element-ea29df8 elementor-section-boxed elementor-section-height-default elementor-section-height-default\" data-id=\"ea29df8\" data-element_type=\"section\" data-e-type=\"section\">\n\t\t\t\t\t\t<div class=\"elementor-container elementor-column-gap-default\">\n\t\t\t\t\t<div class=\"elementor-column elementor-col-100 elementor-top-column elementor-element elementor-element-51a2549\" data-id=\"51a2549\" data-element_type=\"column\" data-e-type=\"column\">\n\t\t\t<div class=\"elementor-widget-wrap elementor-element-populated\">\n\t\t\t\t\t\t<div class=\"elementor-element elementor-element-dbde55e elementor-widget elementor-widget-spacer\" data-id=\"dbde55e\" data-element_type=\"widget\" data-e-type=\"widget\" data-widget_type=\"spacer.default\">\n\t\t\t\t\t\t\t<div class=\"elementor-spacer\">\n\t\t\t<div class=\"elementor-spacer-inner\"><\/div>\n\t\t<\/div>\n\t\t\t\t\t\t<\/div>\n\t\t\t\t\t<\/div>\n\t\t<\/div>\n\t\t\t\t\t<\/div>\n\t\t<\/section>\n\t\t\t\t<section class=\"elementor-section elementor-top-section elementor-element elementor-element-b722843 elementor-section-boxed elementor-section-height-default elementor-section-height-default\" data-id=\"b722843\" data-element_type=\"section\" data-e-type=\"section\">\n\t\t\t\t\t\t<div class=\"elementor-container elementor-column-gap-default\">\n\t\t\t\t\t<div class=\"elementor-column elementor-col-50 elementor-top-column elementor-element elementor-element-644da43\" data-id=\"644da43\" data-element_type=\"column\" data-e-type=\"column\">\n\t\t\t<div class=\"elementor-widget-wrap elementor-element-populated\">\n\t\t\t\t\t\t<div class=\"elementor-element elementor-element-9b9df17 elementor-widget elementor-widget-heading\" data-id=\"9b9df17\" data-element_type=\"widget\" data-e-type=\"widget\" data-widget_type=\"heading.default\">\n\t\t\t\t\t<h2 class=\"elementor-heading-title elementor-size-default\">Yalova\u2019n\u0131n Kalbinde Konfor ve Profesyonellik: Helenapolis Otel<\/h2>\t\t\t\t<\/div>\n\t\t\t\t<div class=\"elementor-element elementor-element-f0e2460 elementor-widget elementor-widget-text-editor\" data-id=\"f0e2460\" data-element_type=\"widget\" data-e-type=\"widget\" data-widget_type=\"text-editor.default\">\n\t\t\t\t\t\t\t\t\t<p data-path-to-node=\"2\">Yalova\u2019n\u0131n her ge\u00e7en g\u00fcn de\u011fer kazanan ticaret ve ula\u015f\u0131m a\u011flar\u0131n\u0131n tam merkezinde konumlanan <b data-path-to-node=\"3\" data-index-in-node=\"93\">Helenapolis Otel<\/b>, modern hizmet anlay\u0131\u015f\u0131 ve &#8220;i\u015f oteli&#8221; konseptiyle b\u00f6lgesinde fark yaratmaya devam ediyor. Geleneksel T\u00fcrk misafirperverli\u011fini \u00e7a\u011fda\u015f bir l\u00fcks anlay\u0131\u015f\u0131yla harmanlayan otelimiz, misafirlerine sadece bir konaklama de\u011fil, ev s\u0131cakl\u0131\u011f\u0131nda bir deneyim sunmay\u0131 vadediyor.<\/p>\t\t\t\t\t\t\t\t<\/div>\n\t\t\t\t\t<\/div>\n\t\t<\/div>\n\t\t\t\t<div class=\"elementor-column elementor-col-50 elementor-top-column elementor-element elementor-element-22efffb\" data-id=\"22efffb\" data-element_type=\"column\" data-e-type=\"column\">\n\t\t\t<div class=\"elementor-widget-wrap elementor-element-populated\">\n\t\t\t\t\t\t<div class=\"elementor-element elementor-element-29a918e elementor-widget elementor-widget-image\" data-id=\"29a918e\" data-element_type=\"widget\" data-e-type=\"widget\" data-widget_type=\"image.default\">\n\t\t\t\t\t\t\t\t\t\t\t\t\t\t\t<img fetchpriority=\"high\" decoding=\"async\" width=\"800\" height=\"600\" src=\"https:\/\/helenapolisotel.com\/tr\/wp-content\/uploads\/2026\/03\/7.png\" class=\"attachment-full size-full wp-image-4119\" alt=\"\" srcset=\"https:\/\/helenapolisotel.com\/tr\/wp-content\/uploads\/2026\/03\/7.png 800w, https:\/\/helenapolisotel.com\/tr\/wp-content\/uploads\/2026\/03\/7-768x576.png 768w, https:\/\/helenapolisotel.com\/tr\/wp-content\/uploads\/2026\/03\/7-600x450.png 600w\" sizes=\"(max-width: 800px) 100vw, 800px\" \/>\t\t\t\t\t\t\t\t\t\t\t\t\t\t\t<\/div>\n\t\t\t\t\t<\/div>\n\t\t<\/div>\n\t\t\t\t\t<\/div>\n\t\t<\/section>\n\t\t\t\t<section class=\"elementor-section elementor-top-section elementor-element elementor-element-454ac54 elementor-section-boxed elementor-section-height-default elementor-section-height-default\" data-id=\"454ac54\" data-element_type=\"section\" data-e-type=\"section\">\n\t\t\t\t\t\t<div class=\"elementor-container elementor-column-gap-default\">\n\t\t\t\t\t<div class=\"elementor-column elementor-col-100 elementor-top-column elementor-element elementor-element-de6e80b\" data-id=\"de6e80b\" data-element_type=\"column\" data-e-type=\"column\">\n\t\t\t<div class=\"elementor-widget-wrap elementor-element-populated\">\n\t\t\t\t\t\t<div class=\"elementor-element elementor-element-8adec54 elementor-widget__width-initial elementor-widget elementor-widget-heading\" data-id=\"8adec54\" data-element_type=\"widget\" data-e-type=\"widget\" data-widget_type=\"heading.default\">\n\t\t\t\t\t<h2 class=\"elementor-heading-title elementor-size-default\">Ayr\u0131cal\u0131kl\u0131 Konaklama ve Oda Se\u00e7enekleri<\/h2>\t\t\t\t<\/div>\n\t\t\t\t<div class=\"elementor-element elementor-element-71becbf elementor-widget elementor-widget-text-editor\" data-id=\"71becbf\" data-element_type=\"widget\" data-e-type=\"widget\" data-widget_type=\"text-editor.default\">\n\t\t\t\t\t\t\t\t\t<p data-path-to-node=\"5\">\u0130stanbul\u2019un hemen kar\u015f\u0131 k\u0131y\u0131s\u0131nda, denizin ve huzurun bulu\u015ftu\u011fu bir noktada yer alan Helenapolis Otel, her t\u00fcrl\u00fc ihtiyaca y\u00f6nelik titizlikle tasarlanm\u0131\u015f toplam <b data-path-to-node=\"5\" data-index-in-node=\"160\">30 odaya<\/b> sahiptir. Konaklama birimlerimiz \u015fu \u015fekildedir:<\/p><ul data-path-to-node=\"6\"><li><p data-path-to-node=\"6,0,0\"><b data-path-to-node=\"6,0,0\" data-index-in-node=\"0\">2 King Suit:<\/b> L\u00fcks ve prestij arayanlar i\u00e7in en \u00fcst d\u00fczey konfor.<\/p><\/li><li><p data-path-to-node=\"6,1,0\"><b data-path-to-node=\"6,1,0\" data-index-in-node=\"0\">18 Deluxe Oda:<\/b> \u015e\u0131kl\u0131k ve fonksiyonelli\u011fin birle\u015fimi.<\/p><\/li><li><p data-path-to-node=\"6,2,0\"><b data-path-to-node=\"6,2,0\" data-index-in-node=\"0\">4 Family Oda:<\/b> Ailece konaklamalar i\u00e7in geni\u015f ve ferah alanlar.<\/p><\/li><li><p data-path-to-node=\"6,3,0\"><b data-path-to-node=\"6,3,0\" data-index-in-node=\"0\">6 Triple Oda:<\/b> \u00dc\u00e7 ki\u015filik konaklamalarda rahatl\u0131k sa\u011flayan \u00e7\u00f6z\u00fcmler.<\/p><\/li><\/ul><p data-path-to-node=\"7\">T\u00fcm odalar\u0131m\u0131z, misafirlerimizin kendilerini \u00f6zel hissetmeleri i\u00e7in <b data-path-to-node=\"7\" data-index-in-node=\"68\">birinci s\u0131n\u0131f buklet malzemeleri<\/b> ve en son teknolojik donan\u0131mlarla te\u00e7hiz edilmi\u015ftir.<\/p>\t\t\t\t\t\t\t\t<\/div>\n\t\t\t\t\t<\/div>\n\t\t<\/div>\n\t\t\t\t\t<\/div>\n\t\t<\/section>\n\t\t\t\t<section class=\"elementor-section elementor-top-section elementor-element elementor-element-8f9c36d elementor-section-boxed elementor-section-height-default elementor-section-height-default\" data-id=\"8f9c36d\" data-element_type=\"section\" data-e-type=\"section\">\n\t\t\t\t\t\t<div class=\"elementor-container elementor-column-gap-default\">\n\t\t\t\t\t<div class=\"elementor-column elementor-col-100 elementor-top-column elementor-element elementor-element-09989fe\" data-id=\"09989fe\" data-element_type=\"column\" data-e-type=\"column\">\n\t\t\t<div class=\"elementor-widget-wrap elementor-element-populated\">\n\t\t\t\t\t\t<div class=\"elementor-element elementor-element-0e19799 elementor-widget__width-initial elementor-widget elementor-widget-heading\" data-id=\"0e19799\" data-element_type=\"widget\" data-e-type=\"widget\" data-widget_type=\"heading.default\">\n\t\t\t\t\t<h2 class=\"elementor-heading-title elementor-size-default\">Gastronomi ve Lezzet Duraklar\u0131<\/h2>\t\t\t\t<\/div>\n\t\t\t\t<div class=\"elementor-element elementor-element-164fc1e elementor-widget elementor-widget-text-editor\" data-id=\"164fc1e\" data-element_type=\"widget\" data-e-type=\"widget\" data-widget_type=\"text-editor.default\">\n\t\t\t\t\t\t\t\t\t<p data-path-to-node=\"5\">G\u00fcne zinde ba\u015flaman\u0131z i\u00e7in \u00f6zenle haz\u0131rlanan <b data-path-to-node=\"9\" data-index-in-node=\"45\">zengin a\u00e7\u0131k b\u00fcfe kahvalt\u0131m\u0131z<\/b>, yerel ve taze \u00fcr\u00fcnlerle donat\u0131lm\u0131\u015ft\u0131r. \u00d6\u011fle ve ak\u015fam yemeklerinde ise <b data-path-to-node=\"9\" data-index-in-node=\"145\">Helenapolis Restaurant<\/b>, profesyonel \u015feflerin elinden \u00e7\u0131kan d\u00fcnya mutfa\u011f\u0131 ve yerel lezzetlerle damaklar\u0131n\u0131zda unutulmaz izler b\u0131rak\u0131r. \u0130\u015f yemeklerinden romantik ak\u015fam yemeklerine kadar her ana e\u015flik edecek bir atmosfer sizi bekliyor.<\/p>\t\t\t\t\t\t\t\t<\/div>\n\t\t\t\t\t<\/div>\n\t\t<\/div>\n\t\t\t\t\t<\/div>\n\t\t<\/section>\n\t\t\t\t<section class=\"elementor-section elementor-top-section elementor-element elementor-element-13d22c8 elementor-section-boxed elementor-section-height-default elementor-section-height-default\" data-id=\"13d22c8\" data-element_type=\"section\" data-e-type=\"section\">\n\t\t\t\t\t\t<div class=\"elementor-container elementor-column-gap-default\">\n\t\t\t\t\t<div class=\"elementor-column elementor-col-100 elementor-top-column elementor-element elementor-element-a6cf02e\" data-id=\"a6cf02e\" data-element_type=\"column\" data-e-type=\"column\">\n\t\t\t<div class=\"elementor-widget-wrap elementor-element-populated\">\n\t\t\t\t\t\t<div class=\"elementor-element elementor-element-d38f8dc elementor-widget__width-initial elementor-widget elementor-widget-heading\" data-id=\"d38f8dc\" data-element_type=\"widget\" data-e-type=\"widget\" data-widget_type=\"heading.default\">\n\t\t\t\t\t<h2 class=\"elementor-heading-title elementor-size-default\">Etkinlik, Toplant\u0131 ve Organizasyon<\/h2>\t\t\t\t<\/div>\n\t\t\t\t<div class=\"elementor-element elementor-element-9ce3b25 elementor-widget elementor-widget-text-editor\" data-id=\"9ce3b25\" data-element_type=\"widget\" data-e-type=\"widget\" data-widget_type=\"text-editor.default\">\n\t\t\t\t\t\t\t\t\t<p data-path-to-node=\"11\">Helenapolis Otel, sadece bir konaklama noktas\u0131 de\u011fil, ayn\u0131 zamanda \u015fehrin en \u00f6nemli etkinlik merkezlerinden biridir.<\/p><ul data-path-to-node=\"12\"><li><p data-path-to-node=\"12,0,0\"><b data-path-to-node=\"12,0,0\" data-index-in-node=\"0\">Toplant\u0131 Salonlar\u0131:<\/b> 1. ve 2. katlarda bulunan, her t\u00fcrl\u00fc teknik altyap\u0131ya sahip salonlar\u0131m\u0131z <b data-path-to-node=\"12,0,0\" data-index-in-node=\"93\">230 ki\u015fiye kadar<\/b>misafir a\u011f\u0131rlayabilmektedir.<\/p><\/li><li><p data-path-to-node=\"12,1,0\"><b data-path-to-node=\"12,1,0\" data-index-in-node=\"0\">Balo Salonu:<\/b> Ni\u015fan, d\u00fc\u011f\u00fcn, s\u00fcnnet merasimleri, kokteyller, gala geceleri ve lansmanlar i\u00e7in \u00f6zel olarak tasarlanan alanlar\u0131m\u0131zda, profesyonel ekibimiz en \u00f6zel anlar\u0131n\u0131z\u0131 kusursuz birer hat\u0131raya d\u00f6n\u00fc\u015ft\u00fcr\u00fcr.<\/p><\/li><\/ul>\t\t\t\t\t\t\t\t<\/div>\n\t\t\t\t\t<\/div>\n\t\t<\/div>\n\t\t\t\t\t<\/div>\n\t\t<\/section>\n\t\t\t\t<section class=\"elementor-section elementor-top-section elementor-element elementor-element-7e3d884 elementor-section-boxed elementor-section-height-default elementor-section-height-default\" data-id=\"7e3d884\" data-element_type=\"section\" data-e-type=\"section\">\n\t\t\t\t\t\t<div class=\"elementor-container elementor-column-gap-default\">\n\t\t\t\t\t<div class=\"elementor-column elementor-col-100 elementor-top-column elementor-element elementor-element-a4f7c77\" data-id=\"a4f7c77\" data-element_type=\"column\" data-e-type=\"column\">\n\t\t\t<div class=\"elementor-widget-wrap elementor-element-populated\">\n\t\t\t\t\t\t<div class=\"elementor-element elementor-element-c5c849c elementor-widget__width-initial elementor-widget elementor-widget-heading\" data-id=\"c5c849c\" data-element_type=\"widget\" data-e-type=\"widget\" data-widget_type=\"heading.default\">\n\t\t\t\t\t<h2 class=\"elementor-heading-title elementor-size-default\">Stratejik Konum ve Ula\u015f\u0131m Kolayl\u0131\u011f\u0131<\/h2>\t\t\t\t<\/div>\n\t\t\t\t<div class=\"elementor-element elementor-element-e5f577a elementor-widget elementor-widget-text-editor\" data-id=\"e5f577a\" data-element_type=\"widget\" data-e-type=\"widget\" data-widget_type=\"text-editor.default\">\n\t\t\t\t\t\t\t\t\t<p data-path-to-node=\"15\">Helenapolis Otel\u2019in en b\u00fcy\u00fck avantajlar\u0131ndan biri, b\u00f6lgenin ana ula\u015f\u0131m arterlerine olan yak\u0131nl\u0131\u011f\u0131d\u0131r. Hem i\u015f seyahatlerinizde zaman kazanman\u0131z\u0131 sa\u011flar hem de turistik gezileriniz i\u00e7in harika bir ba\u015flang\u0131\u00e7 noktas\u0131d\u0131r.<\/p><p data-path-to-node=\"16\"><b data-path-to-node=\"16\" data-index-in-node=\"0\">Ula\u015f\u0131m S\u00fcreleri:<\/b><\/p><ul data-path-to-node=\"17\"><li><p data-path-to-node=\"17,0,0\"><b data-path-to-node=\"17,0,0\" data-index-in-node=\"0\">Osmangazi K\u00f6pr\u00fcs\u00fc:<\/b> 5 Dakika<\/p><\/li><li><p data-path-to-node=\"17,1,0\"><b data-path-to-node=\"17,1,0\" data-index-in-node=\"0\">Top\u00e7ular-Eskihisar \u0130skelesi:<\/b> 5 Dakika<\/p><\/li><li><p data-path-to-node=\"17,2,0\"><b data-path-to-node=\"17,2,0\" data-index-in-node=\"0\">Sabiha G\u00f6k\u00e7en Havaliman\u0131:<\/b> 25 Dakika<\/p><\/li><li><p data-path-to-node=\"17,3,0\"><b data-path-to-node=\"17,3,0\" data-index-in-node=\"0\">\u0130stanbul (Atat\u00fcrk Havaliman\u0131 b\u00f6lgesi):<\/b> 60 Dakika<\/p><\/li><li><p data-path-to-node=\"17,4,0\"><b data-path-to-node=\"17,4,0\" data-index-in-node=\"0\">Yalova Merkez:<\/b> 15 Dakika | <b data-path-to-node=\"17,4,0\" data-index-in-node=\"27\">\u0130zmit:<\/b> 40 Dakika | <b data-path-to-node=\"17,4,0\" data-index-in-node=\"46\">Bursa:<\/b> 45 Dakika<\/p><\/li><\/ul>\t\t\t\t\t\t\t\t<\/div>\n\t\t\t\t\t<\/div>\n\t\t<\/div>\n\t\t\t\t\t<\/div>\n\t\t<\/section>\n\t\t\t\t<section class=\"elementor-section elementor-top-section elementor-element elementor-element-c516b83 elementor-section-boxed elementor-section-height-default elementor-section-height-default\" data-id=\"c516b83\" data-element_type=\"section\" data-e-type=\"section\">\n\t\t\t\t\t\t<div class=\"elementor-container elementor-column-gap-default\">\n\t\t\t\t\t<div class=\"elementor-column elementor-col-100 elementor-top-column elementor-element elementor-element-dabdf96\" data-id=\"dabdf96\" data-element_type=\"column\" data-e-type=\"column\">\n\t\t\t<div class=\"elementor-widget-wrap elementor-element-populated\">\n\t\t\t\t\t\t<div class=\"elementor-element elementor-element-2a53f70 elementor-widget__width-initial elementor-widget elementor-widget-heading\" data-id=\"2a53f70\" data-element_type=\"widget\" data-e-type=\"widget\" data-widget_type=\"heading.default\">\n\t\t\t\t\t<h2 class=\"elementor-heading-title elementor-size-default\">\u00c7evredeki Gezilecek Yerler<\/h2>\t\t\t\t<\/div>\n\t\t\t\t<div class=\"elementor-element elementor-element-08a1373 elementor-widget elementor-widget-text-editor\" data-id=\"08a1373\" data-element_type=\"widget\" data-e-type=\"widget\" data-widget_type=\"text-editor.default\">\n\t\t\t\t\t\t\t\t\t<p data-path-to-node=\"15\">Do\u011fa ve tarihle i\u00e7 i\u00e7e vakit ge\u00e7irmek isteyen misafirlerimiz i\u00e7in; <b data-path-to-node=\"18\" data-index-in-node=\"95\">Hersek Lag\u00fcn\u00fc (5 dk)<\/b>, <b data-path-to-node=\"18\" data-index-in-node=\"117\">Y\u00fcr\u00fcyen K\u00f6\u015fk (15 dk)<\/b>, <b data-path-to-node=\"18\" data-index-in-node=\"139\">Yalova Termal Kapl\u0131calar\u0131 (25 dk)<\/b> ve muhte\u015fem do\u011fas\u0131yla <b data-path-to-node=\"18\" data-index-in-node=\"195\">Sud\u00fc\u015fen \u015eelalesi (35 dk)<\/b> gibi pek \u00e7ok nokta k\u0131sa bir s\u00fcr\u00fc\u015f mesafesindedir. Ayr\u0131ca al\u0131\u015fveri\u015f tutkunlar\u0131 i\u00e7in <b data-path-to-node=\"18\" data-index-in-node=\"303\">\u00d6zdilek AVM (10 dk)<\/b> ve <b data-path-to-node=\"18\" data-index-in-node=\"326\">Kipa AVM (18 dk)<\/b> olduk\u00e7a yak\u0131nd\u0131r.<\/p>\t\t\t\t\t\t\t\t<\/div>\n\t\t\t\t\t<\/div>\n\t\t<\/div>\n\t\t\t\t\t<\/div>\n\t\t<\/section>\n\t\t\t\t<\/div>\n\t\t","protected":false},"excerpt":{"rendered":"<p>Yalova\u2019n\u0131n Kalbinde Konfor ve Profesyonellik: Helenapolis Otel Yalova\u2019n\u0131n her ge\u00e7en g\u00fcn de\u011fer kazanan ticaret ve ula\u015f\u0131m a\u011flar\u0131n\u0131n tam merkezinde konumlanan Helenapolis Otel, modern hizmet anlay\u0131\u015f\u0131 ve &#8220;i\u015f oteli&#8221; konseptiyle b\u00f6lgesinde [&hellip;]<\/p>\n","protected":false},"author":1,"featured_media":0,"parent":0,"menu_order":0,"comment_status":"closed","ping_status":"closed","template":"","meta":{"footnotes":""},"class_list":["post-4153","page","type-page","status-publish","hentry"],"_links":{"self":[{"href":"https:\/\/helenapolisotel.com\/tr\/wp-json\/wp\/v2\/pages\/4153","targetHints":{"allow":["GET"]}}],"collection":[{"href":"https:\/\/helenapolisotel.com\/tr\/wp-json\/wp\/v2\/pages"}],"about":[{"href":"https:\/\/helenapolisotel.com\/tr\/wp-json\/wp\/v2\/types\/page"}],"author":[{"embeddable":true,"href":"https:\/\/helenapolisotel.com\/tr\/wp-json\/wp\/v2\/users\/1"}],"replies":[{"embeddable":true,"href":"https:\/\/helenapolisotel.com\/tr\/wp-json\/wp\/v2\/comments?post=4153"}],"version-history":[{"count":7,"href":"https:\/\/helenapolisotel.com\/tr\/wp-json\/wp\/v2\/pages\/4153\/revisions"}],"predecessor-version":[{"id":4179,"href":"https:\/\/helenapolisotel.com\/tr\/wp-json\/wp\/v2\/pages\/4153\/revisions\/4179"}],"wp:attachment":[{"href":"https:\/\/helenapolisotel.com\/tr\/wp-json\/wp\/v2\/media?parent=4153"}],"curies":[{"name":"wp","href":"https:\/\/api.w.org\/{rel}","templated":true}]}}