{"id":4159,"date":"2026-04-06T11:33:00","date_gmt":"2026-04-06T11:33:00","guid":{"rendered":"https:\/\/helenapolisotel.com\/tr\/?page_id=4159"},"modified":"2026-04-06T11:35:07","modified_gmt":"2026-04-06T11:35:07","slug":"kalite-politikamiz","status":"publish","type":"page","link":"https:\/\/helenapolisotel.com\/tr\/kalite-politikamiz\/","title":{"rendered":"Kalite Politikam\u0131z"},"content":{"rendered":"\t\t<div data-elementor-type=\"wp-page\" data-elementor-id=\"4159\" class=\"elementor elementor-4159\">\n\t\t\t\t\t\t<section class=\"elementor-section elementor-top-section elementor-element elementor-element-fa9215b elementor-section-boxed elementor-section-height-default elementor-section-height-default\" data-id=\"fa9215b\" data-element_type=\"section\" data-e-type=\"section\">\n\t\t\t\t\t\t<div class=\"elementor-container elementor-column-gap-default\">\n\t\t\t\t\t<div class=\"elementor-column elementor-col-100 elementor-top-column elementor-element elementor-element-d9a8578\" data-id=\"d9a8578\" data-element_type=\"column\" data-e-type=\"column\">\n\t\t\t<div class=\"elementor-widget-wrap elementor-element-populated\">\n\t\t\t\t\t\t<div class=\"elementor-element elementor-element-c41594c elementor-widget elementor-widget-spacer\" data-id=\"c41594c\" data-element_type=\"widget\" data-e-type=\"widget\" data-widget_type=\"spacer.default\">\n\t\t\t\t\t\t\t<div class=\"elementor-spacer\">\n\t\t\t<div class=\"elementor-spacer-inner\"><\/div>\n\t\t<\/div>\n\t\t\t\t\t\t<\/div>\n\t\t\t\t\t<\/div>\n\t\t<\/div>\n\t\t\t\t\t<\/div>\n\t\t<\/section>\n\t\t\t\t<section class=\"elementor-section elementor-top-section elementor-element elementor-element-b722843 elementor-section-boxed elementor-section-height-default elementor-section-height-default\" data-id=\"b722843\" data-element_type=\"section\" data-e-type=\"section\">\n\t\t\t\t\t\t<div class=\"elementor-container elementor-column-gap-default\">\n\t\t\t\t\t<div class=\"elementor-column elementor-col-50 elementor-top-column elementor-element elementor-element-644da43\" data-id=\"644da43\" data-element_type=\"column\" data-e-type=\"column\">\n\t\t\t<div class=\"elementor-widget-wrap elementor-element-populated\">\n\t\t\t\t\t\t<div class=\"elementor-element elementor-element-9b9df17 elementor-widget elementor-widget-heading\" data-id=\"9b9df17\" data-element_type=\"widget\" data-e-type=\"widget\" data-widget_type=\"heading.default\">\n\t\t\t\t\t<h2 class=\"elementor-heading-title elementor-size-default\">Kalite Politikam\u0131z<\/h2>\t\t\t\t<\/div>\n\t\t\t\t<div class=\"elementor-element elementor-element-f0e2460 elementor-widget elementor-widget-text-editor\" data-id=\"f0e2460\" data-element_type=\"widget\" data-e-type=\"widget\" data-widget_type=\"text-editor.default\">\n\t\t\t\t\t\t\t\t\t<p data-path-to-node=\"3\"><b data-path-to-node=\"3\" data-index-in-node=\"0\">Helenapolis Otel<\/b> olarak temel vizyonumuz; konaklama sekt\u00f6r\u00fcndeki yenilikleri takip ederek, misafirlerimize uluslararas\u0131 standartlarda, g\u00fcvenli ve konforlu bir hizmet sunmakt\u0131r. &#8220;\u0130\u015f Oteli&#8221; konseptimizin gerektirdi\u011fi profesyonelli\u011fi, T\u00fcrk misafirperverli\u011finin s\u0131cakl\u0131\u011f\u0131yla birle\u015ftirerek \u015fu ilkeler do\u011frultusunda hareket etmekteyiz:<\/p><p data-path-to-node=\"3\">\u00a0<\/p><h3 data-path-to-node=\"4\">1. Misafir Odakl\u0131l\u0131k ve Kusursuz Deneyim<\/h3><p data-path-to-node=\"5\">Misafirlerimizin ihtiya\u00e7 ve beklentilerini en \u00fcst seviyede kar\u015f\u0131lamak ana hedefimizdir. Konaklama s\u00fcresince her detay\u0131 titizlikle planlayarak, misafirlerimize kendilerini evlerinde hissettirecek bir huzur ve konfor alan\u0131 yarat\u0131yoruz.<\/p>\t\t\t\t\t\t\t\t<\/div>\n\t\t\t\t\t<\/div>\n\t\t<\/div>\n\t\t\t\t<div class=\"elementor-column elementor-col-50 elementor-top-column elementor-element elementor-element-22efffb\" data-id=\"22efffb\" data-element_type=\"column\" data-e-type=\"column\">\n\t\t\t<div class=\"elementor-widget-wrap elementor-element-populated\">\n\t\t\t\t\t\t<div class=\"elementor-element elementor-element-29a918e elementor-widget elementor-widget-image\" data-id=\"29a918e\" data-element_type=\"widget\" data-e-type=\"widget\" data-widget_type=\"image.default\">\n\t\t\t\t\t\t\t\t\t\t\t\t\t\t\t<img fetchpriority=\"high\" decoding=\"async\" width=\"800\" height=\"600\" src=\"https:\/\/helenapolisotel.com\/tr\/wp-content\/uploads\/2026\/03\/7.png\" class=\"attachment-full size-full wp-image-4119\" alt=\"\" srcset=\"https:\/\/helenapolisotel.com\/tr\/wp-content\/uploads\/2026\/03\/7.png 800w, https:\/\/helenapolisotel.com\/tr\/wp-content\/uploads\/2026\/03\/7-768x576.png 768w, https:\/\/helenapolisotel.com\/tr\/wp-content\/uploads\/2026\/03\/7-600x450.png 600w\" sizes=\"(max-width: 800px) 100vw, 800px\" \/>\t\t\t\t\t\t\t\t\t\t\t\t\t\t\t<\/div>\n\t\t\t\t\t<\/div>\n\t\t<\/div>\n\t\t\t\t\t<\/div>\n\t\t<\/section>\n\t\t\t\t<section class=\"elementor-section elementor-top-section elementor-element elementor-element-454ac54 elementor-section-boxed elementor-section-height-default elementor-section-height-default\" data-id=\"454ac54\" data-element_type=\"section\" data-e-type=\"section\">\n\t\t\t\t\t\t<div class=\"elementor-container elementor-column-gap-default\">\n\t\t\t\t\t<div class=\"elementor-column elementor-col-100 elementor-top-column elementor-element elementor-element-de6e80b\" data-id=\"de6e80b\" data-element_type=\"column\" data-e-type=\"column\">\n\t\t\t<div class=\"elementor-widget-wrap elementor-element-populated\">\n\t\t\t\t\t\t<div class=\"elementor-element elementor-element-71becbf elementor-widget elementor-widget-text-editor\" data-id=\"71becbf\" data-element_type=\"widget\" data-e-type=\"widget\" data-widget_type=\"text-editor.default\">\n\t\t\t\t\t\t\t\t\t<h3 data-path-to-node=\"6\">2. S\u00fcrekli \u0130yile\u015ftirme ve Yenilik\u00e7ilik<\/h3><p data-path-to-node=\"7\">Hizmet kalitemizi her ge\u00e7en g\u00fcn daha ileriye ta\u015f\u0131mak ad\u0131na; teknolojik altyap\u0131m\u0131z\u0131 g\u00fcncel tutuyor, fiziksel alanlar\u0131m\u0131z\u0131 modern standartlara g\u00f6re modernize ediyor ve misafir geri bildirimlerini geli\u015fim s\u00fcrecimizin bir par\u00e7as\u0131 olarak kabul ediyoruz.<\/p><h3 data-path-to-node=\"8\">3. Hijyen ve G\u00fcvenlik Standartlar\u0131<\/h3><p data-path-to-node=\"9\">Tesisimizde konaklayan t\u00fcm misafirlerimizin ve \u00e7al\u0131\u015fanlar\u0131m\u0131z\u0131n sa\u011fl\u0131\u011f\u0131 bizim i\u00e7in her \u015feyden \u00f6nemlidir. G\u0131da g\u00fcvenli\u011finden oda temizli\u011fine, genel alanlar\u0131n hijyeninden teknik g\u00fcvenli\u011fe kadar t\u00fcm s\u00fcre\u00e7lerde en s\u0131k\u0131 denetim ve kalite kontrol mekanizmalar\u0131n\u0131 uyguluyoruz.<\/p><h3 data-path-to-node=\"10\">4. Profesyonel Ekip Ruhu<\/h3><p data-path-to-node=\"11\">Kaliteli hizmetin ancak e\u011fitimli ve mutlu bir ekiple m\u00fcmk\u00fcn oldu\u011funa inan\u0131yoruz. \u00c7al\u0131\u015fanlar\u0131m\u0131z\u0131n geli\u015fimine yat\u0131r\u0131m yaparak, her bir ekip \u00fcyemizin misafir memnuniyetine ayn\u0131 hassasiyetle odaklanmas\u0131n\u0131 sa\u011fl\u0131yoruz.<\/p><h3 data-path-to-node=\"12\">5. S\u00fcrd\u00fcr\u00fclebilirlik ve Yerel De\u011ferlere Sayg\u0131<\/h3><p data-path-to-node=\"13\">Yalova\u2019n\u0131n stratejik konumuna ve do\u011fal g\u00fczelliklerine de\u011fer veriyor; faaliyetlerimizi y\u00fcr\u00fct\u00fcrken \u00e7evresel s\u00fcrd\u00fcr\u00fclebilirli\u011fi destekleyen, yerel ekonomiye ve k\u00fclt\u00fcre katk\u0131 sa\u011flayan bir y\u00f6netim anlay\u0131\u015f\u0131 benimsiyoruz.<\/p>\t\t\t\t\t\t\t\t<\/div>\n\t\t\t\t\t<\/div>\n\t\t<\/div>\n\t\t\t\t\t<\/div>\n\t\t<\/section>\n\t\t\t\t<\/div>\n\t\t","protected":false},"excerpt":{"rendered":"<p>Kalite Politikam\u0131z Helenapolis Otel olarak temel vizyonumuz; konaklama sekt\u00f6r\u00fcndeki yenilikleri takip ederek, misafirlerimize uluslararas\u0131 standartlarda, g\u00fcvenli ve konforlu bir hizmet sunmakt\u0131r. &#8220;\u0130\u015f Oteli&#8221; konseptimizin gerektirdi\u011fi profesyonelli\u011fi, T\u00fcrk misafirperverli\u011finin s\u0131cakl\u0131\u011f\u0131yla birle\u015ftirerek [&hellip;]<\/p>\n","protected":false},"author":1,"featured_media":0,"parent":0,"menu_order":0,"comment_status":"closed","ping_status":"closed","template":"","meta":{"footnotes":""},"class_list":["post-4159","page","type-page","status-publish","hentry"],"_links":{"self":[{"href":"https:\/\/helenapolisotel.com\/tr\/wp-json\/wp\/v2\/pages\/4159","targetHints":{"allow":["GET"]}}],"collection":[{"href":"https:\/\/helenapolisotel.com\/tr\/wp-json\/wp\/v2\/pages"}],"about":[{"href":"https:\/\/helenapolisotel.com\/tr\/wp-json\/wp\/v2\/types\/page"}],"author":[{"embeddable":true,"href":"https:\/\/helenapolisotel.com\/tr\/wp-json\/wp\/v2\/users\/1"}],"replies":[{"embeddable":true,"href":"https:\/\/helenapolisotel.com\/tr\/wp-json\/wp\/v2\/comments?post=4159"}],"version-history":[{"count":4,"href":"https:\/\/helenapolisotel.com\/tr\/wp-json\/wp\/v2\/pages\/4159\/revisions"}],"predecessor-version":[{"id":4163,"href":"https:\/\/helenapolisotel.com\/tr\/wp-json\/wp\/v2\/pages\/4159\/revisions\/4163"}],"wp:attachment":[{"href":"https:\/\/helenapolisotel.com\/tr\/wp-json\/wp\/v2\/media?parent=4159"}],"curies":[{"name":"wp","href":"https:\/\/api.w.org\/{rel}","templated":true}]}}