{"id":4164,"date":"2026-04-06T11:36:20","date_gmt":"2026-04-06T11:36:20","guid":{"rendered":"https:\/\/helenapolisotel.com\/tr\/?page_id=4164"},"modified":"2026-04-06T11:37:09","modified_gmt":"2026-04-06T11:37:09","slug":"gizlilik-politikamiz","status":"publish","type":"page","link":"https:\/\/helenapolisotel.com\/tr\/gizlilik-politikamiz\/","title":{"rendered":"Gizlilik Politikam\u0131z"},"content":{"rendered":"\t\t<div data-elementor-type=\"wp-page\" data-elementor-id=\"4164\" class=\"elementor elementor-4164\">\n\t\t\t\t\t\t<section class=\"elementor-section elementor-top-section elementor-element elementor-element-fa9215b elementor-section-boxed elementor-section-height-default elementor-section-height-default\" data-id=\"fa9215b\" data-element_type=\"section\" data-e-type=\"section\">\n\t\t\t\t\t\t<div class=\"elementor-container elementor-column-gap-default\">\n\t\t\t\t\t<div class=\"elementor-column elementor-col-100 elementor-top-column elementor-element elementor-element-d9a8578\" data-id=\"d9a8578\" data-element_type=\"column\" data-e-type=\"column\">\n\t\t\t<div class=\"elementor-widget-wrap elementor-element-populated\">\n\t\t\t\t\t\t<div class=\"elementor-element elementor-element-c41594c elementor-widget elementor-widget-spacer\" data-id=\"c41594c\" data-element_type=\"widget\" data-e-type=\"widget\" data-widget_type=\"spacer.default\">\n\t\t\t\t\t\t\t<div class=\"elementor-spacer\">\n\t\t\t<div class=\"elementor-spacer-inner\"><\/div>\n\t\t<\/div>\n\t\t\t\t\t\t<\/div>\n\t\t\t\t\t<\/div>\n\t\t<\/div>\n\t\t\t\t\t<\/div>\n\t\t<\/section>\n\t\t\t\t<section class=\"elementor-section elementor-top-section elementor-element elementor-element-b722843 elementor-section-boxed elementor-section-height-default elementor-section-height-default\" data-id=\"b722843\" data-element_type=\"section\" data-e-type=\"section\">\n\t\t\t\t\t\t<div class=\"elementor-container elementor-column-gap-default\">\n\t\t\t\t\t<div class=\"elementor-column elementor-col-50 elementor-top-column elementor-element elementor-element-644da43\" data-id=\"644da43\" data-element_type=\"column\" data-e-type=\"column\">\n\t\t\t<div class=\"elementor-widget-wrap elementor-element-populated\">\n\t\t\t\t\t\t<div class=\"elementor-element elementor-element-9b9df17 elementor-widget elementor-widget-heading\" data-id=\"9b9df17\" data-element_type=\"widget\" data-e-type=\"widget\" data-widget_type=\"heading.default\">\n\t\t\t\t\t<h2 class=\"elementor-heading-title elementor-size-default\">Gizlilik Politikam\u0131z<\/h2>\t\t\t\t<\/div>\n\t\t\t\t<div class=\"elementor-element elementor-element-f0e2460 elementor-widget elementor-widget-text-editor\" data-id=\"f0e2460\" data-element_type=\"widget\" data-e-type=\"widget\" data-widget_type=\"text-editor.default\">\n\t\t\t\t\t\t\t\t\t<p data-path-to-node=\"3\"><b data-path-to-node=\"3\" data-index-in-node=\"0\">Helenapolis Otel<\/b> olarak, misafirlerimizin ki\u015fisel verilerinin g\u00fcvenli\u011fi ve gizlili\u011fi bizim i\u00e7in en y\u00fcksek \u00f6nceliktir. \u0130\u015f bu gizlilik politikas\u0131, konaklama, toplant\u0131 veya di\u011fer hizmetlerimizden yararlan\u0131rken bizimle payla\u015ft\u0131\u011f\u0131n\u0131z bilgilerin nas\u0131l topland\u0131\u011f\u0131n\u0131, kullan\u0131ld\u0131\u011f\u0131n\u0131 ve korundu\u011funu a\u00e7\u0131klamaktad\u0131r.<\/p><p data-path-to-node=\"3\">\u00a0<\/p><h3 data-path-to-node=\"4\">1. Veri Toplama ve \u0130\u015fleme<\/h3><p data-path-to-node=\"5\">Hizmetlerimizi sunabilmek ad\u0131na; ad-soyad, ileti\u015fim bilgileri, kimlik bilgileri ve \u00f6deme detaylar\u0131 gibi gerekli veriler, yasal mevzuatlar \u00e7er\u00e7evesinde toplanmaktad\u0131r. Bu bilgiler, rezervasyon s\u00fcre\u00e7lerinin y\u00f6netilmesi, konaklama kayd\u0131n\u0131n yap\u0131lmas\u0131 ve sizlere daha ki\u015fiselle\u015ftirilmi\u015f bir hizmet sunulabilmesi amac\u0131yla i\u015flenmektedir.<\/p>\t\t\t\t\t\t\t\t<\/div>\n\t\t\t\t\t<\/div>\n\t\t<\/div>\n\t\t\t\t<div class=\"elementor-column elementor-col-50 elementor-top-column elementor-element elementor-element-22efffb\" data-id=\"22efffb\" data-element_type=\"column\" data-e-type=\"column\">\n\t\t\t<div class=\"elementor-widget-wrap elementor-element-populated\">\n\t\t\t\t\t\t<div class=\"elementor-element elementor-element-29a918e elementor-widget elementor-widget-image\" data-id=\"29a918e\" data-element_type=\"widget\" data-e-type=\"widget\" data-widget_type=\"image.default\">\n\t\t\t\t\t\t\t\t\t\t\t\t\t\t\t<img fetchpriority=\"high\" decoding=\"async\" width=\"800\" height=\"600\" src=\"https:\/\/helenapolisotel.com\/tr\/wp-content\/uploads\/2026\/03\/7.png\" class=\"attachment-full size-full wp-image-4119\" alt=\"\" srcset=\"https:\/\/helenapolisotel.com\/tr\/wp-content\/uploads\/2026\/03\/7.png 800w, https:\/\/helenapolisotel.com\/tr\/wp-content\/uploads\/2026\/03\/7-768x576.png 768w, https:\/\/helenapolisotel.com\/tr\/wp-content\/uploads\/2026\/03\/7-600x450.png 600w\" sizes=\"(max-width: 800px) 100vw, 800px\" \/>\t\t\t\t\t\t\t\t\t\t\t\t\t\t\t<\/div>\n\t\t\t\t\t<\/div>\n\t\t<\/div>\n\t\t\t\t\t<\/div>\n\t\t<\/section>\n\t\t\t\t<section class=\"elementor-section elementor-top-section elementor-element elementor-element-454ac54 elementor-section-boxed elementor-section-height-default elementor-section-height-default\" data-id=\"454ac54\" data-element_type=\"section\" data-e-type=\"section\">\n\t\t\t\t\t\t<div class=\"elementor-container elementor-column-gap-default\">\n\t\t\t\t\t<div class=\"elementor-column elementor-col-100 elementor-top-column elementor-element elementor-element-de6e80b\" data-id=\"de6e80b\" data-element_type=\"column\" data-e-type=\"column\">\n\t\t\t<div class=\"elementor-widget-wrap elementor-element-populated\">\n\t\t\t\t\t\t<div class=\"elementor-element elementor-element-71becbf elementor-widget elementor-widget-text-editor\" data-id=\"71becbf\" data-element_type=\"widget\" data-e-type=\"widget\" data-widget_type=\"text-editor.default\">\n\t\t\t\t\t\t\t\t\t<h3 data-path-to-node=\"6\">2. Bilgi G\u00fcvenli\u011fi ve Koruma<\/h3><p data-path-to-node=\"7\">Payla\u015ft\u0131\u011f\u0131n\u0131z t\u00fcm veriler, yetkisiz eri\u015fime, kaybolmaya veya k\u00f6t\u00fcye kullan\u0131ma kar\u015f\u0131 en g\u00fcncel teknik ve idari tedbirlerle korunmaktad\u0131r. Otelimizdeki dijital ve fiziksel ar\u015fivler, y\u00fcksek g\u00fcvenlik standartlar\u0131na sahip sistemler \u00fczerinden y\u00f6netilmektedir.<\/p><h3 data-path-to-node=\"8\">3. \u00dc\u00e7\u00fcnc\u00fc Taraflarla Payla\u015f\u0131m<\/h3><p data-path-to-node=\"9\">Ki\u015fisel verileriniz, yasal zorunluluklar (Emniyet Genel M\u00fcd\u00fcrl\u00fc\u011f\u00fc bildirimleri vb.) haricinde, a\u00e7\u0131k r\u0131zan\u0131z olmaks\u0131z\u0131n asla \u00fc\u00e7\u00fcnc\u00fc \u015fah\u0131s veya kurumlarla ticari ama\u00e7larla payla\u015f\u0131lmaz. Hizmet sa\u011flay\u0131c\u0131lar\u0131m\u0131zla (\u00f6deme sistemleri vb.) yap\u0131lan payla\u015f\u0131mlar ise sadece hizmetin ifas\u0131 ile s\u0131n\u0131rl\u0131d\u0131r.<\/p><h3 data-path-to-node=\"10\">4. \u00c7erezler ve Dijital \u0130zler<\/h3><p data-path-to-node=\"11\">Web sitemizi ziyaret etti\u011finizde, kullan\u0131c\u0131 deneyiminizi iyile\u015ftirmek ve tercihlerinizi analiz etmek amac\u0131yla &#8220;\u00e7erezler&#8221; (cookies) kullan\u0131labilir. Bu veriler anonim olup, tamamen sitemizin i\u015flevselli\u011fini art\u0131rmaya y\u00f6neliktir.<\/p><h3 data-path-to-node=\"12\">5. Misafir Haklar\u0131 (KVKK Kapsam\u0131nda)<\/h3><p data-path-to-node=\"13\">6698 Say\u0131l\u0131 Ki\u015fisel Verilerin Korunmas\u0131 Kanunu uyar\u0131nca t\u00fcm misafirlerimiz;<\/p><ul data-path-to-node=\"14\"><li><p data-path-to-node=\"14,0,0\">Ki\u015fisel verilerinin i\u015flenip i\u015flenmedi\u011fini \u00f6\u011frenme,<\/p><\/li><li><p data-path-to-node=\"14,1,0\">\u0130\u015flenmi\u015fse buna ili\u015fkin bilgi talep etme,<\/p><\/li><li><p data-path-to-node=\"14,2,0\">Verilerin amac\u0131na uygun kullan\u0131l\u0131p kullan\u0131lmad\u0131\u011f\u0131n\u0131 kontrol etme,<\/p><\/li><li><p data-path-to-node=\"14,3,0\">Eksik veya yanl\u0131\u015f i\u015flenen verilerin d\u00fczeltilmesini isteme hakk\u0131na sahiptir.<\/p><\/li><\/ul>\t\t\t\t\t\t\t\t<\/div>\n\t\t\t\t\t<\/div>\n\t\t<\/div>\n\t\t\t\t\t<\/div>\n\t\t<\/section>\n\t\t\t\t<\/div>\n\t\t","protected":false},"excerpt":{"rendered":"<p>Gizlilik Politikam\u0131z Helenapolis Otel olarak, misafirlerimizin ki\u015fisel verilerinin g\u00fcvenli\u011fi ve gizlili\u011fi bizim i\u00e7in en y\u00fcksek \u00f6nceliktir. \u0130\u015f bu gizlilik politikas\u0131, konaklama, toplant\u0131 veya di\u011fer hizmetlerimizden yararlan\u0131rken bizimle payla\u015ft\u0131\u011f\u0131n\u0131z bilgilerin nas\u0131l [&hellip;]<\/p>\n","protected":false},"author":1,"featured_media":0,"parent":0,"menu_order":0,"comment_status":"closed","ping_status":"closed","template":"","meta":{"footnotes":""},"class_list":["post-4164","page","type-page","status-publish","hentry"],"_links":{"self":[{"href":"https:\/\/helenapolisotel.com\/tr\/wp-json\/wp\/v2\/pages\/4164","targetHints":{"allow":["GET"]}}],"collection":[{"href":"https:\/\/helenapolisotel.com\/tr\/wp-json\/wp\/v2\/pages"}],"about":[{"href":"https:\/\/helenapolisotel.com\/tr\/wp-json\/wp\/v2\/types\/page"}],"author":[{"embeddable":true,"href":"https:\/\/helenapolisotel.com\/tr\/wp-json\/wp\/v2\/users\/1"}],"replies":[{"embeddable":true,"href":"https:\/\/helenapolisotel.com\/tr\/wp-json\/wp\/v2\/comments?post=4164"}],"version-history":[{"count":4,"href":"https:\/\/helenapolisotel.com\/tr\/wp-json\/wp\/v2\/pages\/4164\/revisions"}],"predecessor-version":[{"id":4168,"href":"https:\/\/helenapolisotel.com\/tr\/wp-json\/wp\/v2\/pages\/4164\/revisions\/4168"}],"wp:attachment":[{"href":"https:\/\/helenapolisotel.com\/tr\/wp-json\/wp\/v2\/media?parent=4164"}],"curies":[{"name":"wp","href":"https:\/\/api.w.org\/{rel}","templated":true}]}}